{"id":16,"date":"2023-08-20T15:18:56","date_gmt":"2023-08-20T13:18:56","guid":{"rendered":"https:\/\/borjanutri.com\/?page_id=16"},"modified":"2023-10-23T19:47:29","modified_gmt":"2023-10-23T17:47:29","slug":"blog","status":"publish","type":"page","link":"https:\/\/borjanutri.com\/index.php\/blog\/","title":{"rendered":"Nutri Blog"},"content":{"rendered":"\n<p class=\"has-text-align-left\"><span class=\"collapseomatic \" id=\"id69de254265186\"  tabindex=\"0\" title=\"&lt;strong&gt;#Blogs 01 - 15&lt;\/strong&gt;\"    ><strong>#Blogs 01 - 15<\/strong><\/span><span id='swap-id69de254265186'  class='colomat-swap' style='display:none;'><strong><strong>#Blogs 01 - 15<\/strong><\/strong><\/span><div id=\"target-id69de254265186\" class=\"collapseomatic_content \">\n\n\n\n<ul>\n<li><a href=\"https:\/\/borjanutri-com.preview-domain.com\/index.php\/2023\/08\/20\/por-que-debes-empezar-ya-a-llevar-un-estilo-de-vida-saludable\/\" target=\"_blank\" rel=\"noreferrer noopener\">\u00bfPor qu\u00e9 debes empezar YA a llevar un estilo de vida saludable?<\/a> #Blog 01<\/li>\n\n\n\n<li><a href=\"https:\/\/borjanutri.com\/index.php\/2023\/08\/20\/mantener-el-peso-durante-las-vacaciones-estrategias-para-un-viaje-saludable\/\" target=\"_blank\">Estrategias para mantener el peso durante las vacaciones<\/a> #Blog 02<\/li>\n\n\n\n<li><a href=\"https:\/\/borjanutri.com\/index.php\/2023\/09\/07\/construccion-de-musculo-guia-completa-de-entrenamiento-y-nutricion-para-ganar-masa-muscular\/\" target=\"_blank\">Construcci\u00f3n de m\u00fasculo: Gu\u00eda completa de entrenamiento y nutrici\u00f3n para ganar masa muscular <\/a>#Blog 03<\/li>\n\n\n\n<li><a href=\"https:\/\/borjanutri.com\/index.php\/2023\/09\/07\/mi-entrenamiento-esta-siendo-efectivo-como-optimizar-tu-rutina-y-solucionar-los-estancamientos\/\" target=\"_blank\">\u00bfMi entrenamiento est\u00e1 siendo efectivo? C\u00f3mo optimizar tu rutina y solucionar los estancamientos.<\/a> #Blog 04<\/li>\n\n\n\n<li><a href=\"https:\/\/borjanutri.com\/index.php\/2023\/09\/07\/guia-sobre-suplementos-no-tires-tu-dinero-a-la-basura\/\" target=\"_blank\">Gu\u00eda sobre suplementos. \u00a1No tires tu dinero a la basura!<\/a> #Blog 05<\/li>\n\n\n\n<li><a href=\"https:\/\/borjanutri.com\/index.php\/2023\/10\/23\/plan-de-entrenamiento-para-principiantes-blog06\/\" target=\"_blank\">Plan de entrenamiento para principiantes<\/a> #Blog 06<\/li>\n<\/ul>\n\n\n\n<\/div>\n\n\n\n<span class=\"collapseomatic \" id=\"id69de254265256\"  tabindex=\"0\" title=\"&lt;strong&gt;#Blogs 16 - 30&lt;\/strong&gt;\"    ><strong>#Blogs 16 - 30<\/strong><\/span><span id='swap-id69de254265256'  class='colomat-swap' style='display:none;'><strong><strong>#Blogs 16 - 30<\/strong><\/strong><\/span>\n\n\n\n<ul>\n<li>Mitos sobre la nutrici\u00f3n: Las dietas de moda #Blog16<\/li>\n\n\n\n<li>Mitos sobre la nutrici\u00f3n: \u00bfLos carbohidratos son malos? #Blog17<\/li>\n\n\n\n<li>Mitos sobre la nutrici\u00f3n: Saltarse comidas ayuda a perder peso #Blog18<\/li>\n\n\n\n<li>Mitos sobre la nutrici\u00f3n: Los productos light o zero son m\u00e1s saludables que los productos con grasa #Blog19<\/li>\n\n\n\n<li>Mitos sobre la nutrici\u00f3n: Cenar tarde engorda #Blog20<\/li>\n\n\n\n<li>Mitos sobre la nutrici\u00f3n: La fruta es mala debido a su contenido en az\u00facar #Blog21<\/li>\n\n\n\n<li>Mitos sobre la nutrici\u00f3n: Los suplementos diet\u00e9ticos pueden reemplazar a una alimentaci\u00f3n equilibrada #Blog22<\/li>\n\n\n\n<li>Mitos sobre la nutrici\u00f3n: Leche y l\u00e1cteos \u00bfson veneno o son esenciales? #Blog23<\/li>\n\n\n\n<li>Mitos sobre la nutrici\u00f3n: Los productos sin gluten son los m\u00e1s saludables #Blog24<\/li>\n\n\n\n<li>Mitos sobre la nutrici\u00f3n: Los productos &#8220;sin az\u00facar a\u00f1adido&#8221; no contienen az\u00facar #Blog25<\/li>\n\n\n\n<li>Mitos sobre la nutrici\u00f3n: El aspartamo provoca c\u00e1ncer #Blog26<\/li>\n\n\n\n<li>Mitos sobre la nutrici\u00f3n: Las grasas saturadas son perjudiciales para la salud #Blog27<\/li>\n\n\n\n<li>Mitos sobre la nutrici\u00f3n: Comer muchos huevos aumenta el colesterol #Blog28<\/li>\n\n\n\n<li>Mitos sobre la nutrici\u00f3n: Saltarse el desayuno ralentiza tu metabolismo #Blog29<\/li>\n\n\n\n<li>Mitos sobre la nutrici\u00f3n: El colesterol es perjudicial para la salud #Blog30<\/li>\n<\/ul>\n\n\n\n<span class=\"collapseomatic \" id=\"id69de2542652c0\"  tabindex=\"0\" title=\"\"    ><\/span>\n\n\n\n<p><\/p>\n","protected":false},"excerpt":{"rendered":"","protected":false},"author":1,"featured_media":0,"parent":0,"menu_order":0,"comment_status":"closed","ping_status":"closed","template":"","meta":{"footnotes":""},"yoast_head":"<!-- This site is optimized with the Yoast SEO plugin v21.8 - https:\/\/yoast.com\/wordpress\/plugins\/seo\/ -->\n<title>Nutri Blog - Borjanutri<\/title>\n<meta name=\"robots\" content=\"index, follow, max-snippet:-1, max-image-preview:large, max-video-preview:-1\" \/>\n<link rel=\"canonical\" href=\"https:\/\/borjanutri.com\/index.php\/blog\/\" \/>\n<meta property=\"og:locale\" content=\"es_ES\" \/>\n<meta property=\"og:type\" content=\"article\" \/>\n<meta property=\"og:title\" content=\"Nutri Blog - Borjanutri\" \/>\n<meta property=\"og:url\" content=\"https:\/\/borjanutri.com\/index.php\/blog\/\" \/>\n<meta property=\"og:site_name\" content=\"Borjanutri\" \/>\n<meta property=\"article:modified_time\" content=\"2023-10-23T17:47:29+00:00\" \/>\n<meta name=\"twitter:card\" content=\"summary_large_image\" \/>\n<meta name=\"twitter:label1\" content=\"Tiempo de lectura\" \/>\n\t<meta name=\"twitter:data1\" content=\"2 minutos\" \/>\n<script type=\"application\/ld+json\" class=\"yoast-schema-graph\">{\"@context\":\"https:\/\/schema.org\",\"@graph\":[{\"@type\":\"WebPage\",\"@id\":\"https:\/\/borjanutri.com\/index.php\/blog\/\",\"url\":\"https:\/\/borjanutri.com\/index.php\/blog\/\",\"name\":\"Nutri Blog - Borjanutri\",\"isPartOf\":{\"@id\":\"https:\/\/borjanutri.com\/#website\"},\"datePublished\":\"2023-08-20T13:18:56+00:00\",\"dateModified\":\"2023-10-23T17:47:29+00:00\",\"breadcrumb\":{\"@id\":\"https:\/\/borjanutri.com\/index.php\/blog\/#breadcrumb\"},\"inLanguage\":\"es\",\"potentialAction\":[{\"@type\":\"ReadAction\",\"target\":[\"https:\/\/borjanutri.com\/index.php\/blog\/\"]}]},{\"@type\":\"BreadcrumbList\",\"@id\":\"https:\/\/borjanutri.com\/index.php\/blog\/#breadcrumb\",\"itemListElement\":[{\"@type\":\"ListItem\",\"position\":1,\"name\":\"Portada\",\"item\":\"https:\/\/borjanutri.com\/\"},{\"@type\":\"ListItem\",\"position\":2,\"name\":\"Nutri Blog\"}]},{\"@type\":\"WebSite\",\"@id\":\"https:\/\/borjanutri.com\/#website\",\"url\":\"https:\/\/borjanutri.com\/\",\"name\":\"Borjanutri\",\"description\":\"\",\"potentialAction\":[{\"@type\":\"SearchAction\",\"target\":{\"@type\":\"EntryPoint\",\"urlTemplate\":\"https:\/\/borjanutri.com\/?s={search_term_string}\"},\"query-input\":\"required name=search_term_string\"}],\"inLanguage\":\"es\"}]}<\/script>\n<!-- \/ Yoast SEO plugin. -->","yoast_head_json":{"title":"Nutri Blog - Borjanutri","robots":{"index":"index","follow":"follow","max-snippet":"max-snippet:-1","max-image-preview":"max-image-preview:large","max-video-preview":"max-video-preview:-1"},"canonical":"https:\/\/borjanutri.com\/index.php\/blog\/","og_locale":"es_ES","og_type":"article","og_title":"Nutri Blog - Borjanutri","og_url":"https:\/\/borjanutri.com\/index.php\/blog\/","og_site_name":"Borjanutri","article_modified_time":"2023-10-23T17:47:29+00:00","twitter_card":"summary_large_image","twitter_misc":{"Tiempo de lectura":"2 minutos"},"schema":{"@context":"https:\/\/schema.org","@graph":[{"@type":"WebPage","@id":"https:\/\/borjanutri.com\/index.php\/blog\/","url":"https:\/\/borjanutri.com\/index.php\/blog\/","name":"Nutri Blog - Borjanutri","isPartOf":{"@id":"https:\/\/borjanutri.com\/#website"},"datePublished":"2023-08-20T13:18:56+00:00","dateModified":"2023-10-23T17:47:29+00:00","breadcrumb":{"@id":"https:\/\/borjanutri.com\/index.php\/blog\/#breadcrumb"},"inLanguage":"es","potentialAction":[{"@type":"ReadAction","target":["https:\/\/borjanutri.com\/index.php\/blog\/"]}]},{"@type":"BreadcrumbList","@id":"https:\/\/borjanutri.com\/index.php\/blog\/#breadcrumb","itemListElement":[{"@type":"ListItem","position":1,"name":"Portada","item":"https:\/\/borjanutri.com\/"},{"@type":"ListItem","position":2,"name":"Nutri Blog"}]},{"@type":"WebSite","@id":"https:\/\/borjanutri.com\/#website","url":"https:\/\/borjanutri.com\/","name":"Borjanutri","description":"","potentialAction":[{"@type":"SearchAction","target":{"@type":"EntryPoint","urlTemplate":"https:\/\/borjanutri.com\/?s={search_term_string}"},"query-input":"required name=search_term_string"}],"inLanguage":"es"}]}},"_links":{"self":[{"href":"https:\/\/borjanutri.com\/index.php\/wp-json\/wp\/v2\/pages\/16"}],"collection":[{"href":"https:\/\/borjanutri.com\/index.php\/wp-json\/wp\/v2\/pages"}],"about":[{"href":"https:\/\/borjanutri.com\/index.php\/wp-json\/wp\/v2\/types\/page"}],"author":[{"embeddable":true,"href":"https:\/\/borjanutri.com\/index.php\/wp-json\/wp\/v2\/users\/1"}],"replies":[{"embeddable":true,"href":"https:\/\/borjanutri.com\/index.php\/wp-json\/wp\/v2\/comments?post=16"}],"version-history":[{"count":16,"href":"https:\/\/borjanutri.com\/index.php\/wp-json\/wp\/v2\/pages\/16\/revisions"}],"predecessor-version":[{"id":124,"href":"https:\/\/borjanutri.com\/index.php\/wp-json\/wp\/v2\/pages\/16\/revisions\/124"}],"wp:attachment":[{"href":"https:\/\/borjanutri.com\/index.php\/wp-json\/wp\/v2\/media?parent=16"}],"curies":[{"name":"wp","href":"https:\/\/api.w.org\/{rel}","templated":true}]}}