{"id":26,"date":"2023-08-20T15:25:54","date_gmt":"2023-08-20T13:25:54","guid":{"rendered":"https:\/\/borjanutri.com\/?page_id=26"},"modified":"2023-11-01T10:32:31","modified_gmt":"2023-11-01T09:32:31","slug":"cuestionario-de-salud-sigues-un-estilo-de-vida-saludable","status":"publish","type":"page","link":"https:\/\/borjanutri.com\/index.php\/cuestionario-de-salud-sigues-un-estilo-de-vida-saludable\/","title":{"rendered":"Cuestionario de salud: \u00bfSigues un estilo de vida saludable?"},"content":{"rendered":"<style id=\"wpforms-css-vars-root\">\n\t\t\t\t:root {\n\t\t\t\t\t--wpforms-field-border-radius: 3px;\n--wpforms-field-background-color: #ffffff;\n--wpforms-field-border-color: rgba( 0, 0, 0, 0.25 );\n--wpforms-field-text-color: rgba( 0, 0, 0, 0.7 );\n--wpforms-label-color: rgba( 0, 0, 0, 0.85 );\n--wpforms-label-sublabel-color: rgba( 0, 0, 0, 0.55 );\n--wpforms-label-error-color: #d63637;\n--wpforms-button-border-radius: 3px;\n--wpforms-button-background-color: #066aab;\n--wpforms-button-text-color: #ffffff;\n--wpforms-field-size-input-height: 43px;\n--wpforms-field-size-input-spacing: 15px;\n--wpforms-field-size-font-size: 16px;\n--wpforms-field-size-line-height: 19px;\n--wpforms-field-size-padding-h: 14px;\n--wpforms-field-size-checkbox-size: 16px;\n--wpforms-field-size-sublabel-spacing: 5px;\n--wpforms-field-size-icon-size: 1;\n--wpforms-label-size-font-size: 16px;\n--wpforms-label-size-line-height: 19px;\n--wpforms-label-size-sublabel-font-size: 14px;\n--wpforms-label-size-sublabel-line-height: 17px;\n--wpforms-button-size-font-size: 17px;\n--wpforms-button-size-height: 41px;\n--wpforms-button-size-padding-h: 15px;\n--wpforms-button-size-margin-top: 10px;\n\n\t\t\t\t}\n\t\t\t<\/style><div class=\"wpforms-container wpforms-container-full wpforms-block wpforms-block-7e8785b6-c30e-454d-9bc3-fcf1a703fd1e wpforms-render-modern\" id=\"wpforms-125\"><form id=\"wpforms-form-125\" class=\"wpforms-validate wpforms-form wpforms-ajax-form\" data-formid=\"125\" method=\"post\" enctype=\"multipart\/form-data\" action=\"\/index.php\/wp-json\/wp\/v2\/pages\/26\" data-token=\"15f6a107b16f9d28ee51f40573dfdf2f\"><noscript class=\"wpforms-error-noscript\">Por favor, activa JavaScript en tu navegador para completar este formulario.<\/noscript><div class=\"wpforms-hidden\" id=\"wpforms-error-noscript\">Por favor, activa JavaScript en tu navegador para completar este formulario.<\/div><div class=\"wpforms-field-container\"><div id=\"wpforms-125-field_1-container\" class=\"wpforms-field wpforms-field-name\" data-field-id=\"1\"><fieldset><legend class=\"wpforms-field-label\">Nombre <span class=\"wpforms-required-label\" aria-hidden=\"true\">*<\/span><\/legend><div class=\"wpforms-field-row wpforms-field-medium\"><div class=\"wpforms-field-row-block wpforms-first wpforms-one-half\"><input type=\"text\" id=\"wpforms-125-field_1\" class=\"wpforms-field-name-first wpforms-field-required\" name=\"wpforms[fields][1][first]\" aria-errormessage=\"wpforms-125-field_1-error\" required><label for=\"wpforms-125-field_1\" class=\"wpforms-field-sublabel after \">Nombre<\/label><\/div><div class=\"wpforms-field-row-block wpforms-one-half\"><input type=\"text\" id=\"wpforms-125-field_1-last\" class=\"wpforms-field-name-last wpforms-field-required\" name=\"wpforms[fields][1][last]\" aria-errormessage=\"wpforms-125-field_1-last-error\" required><label for=\"wpforms-125-field_1-last\" class=\"wpforms-field-sublabel after \">Apellidos<\/label><\/div><\/div><\/fieldset><\/div><div id=\"wpforms-125-field_2-container\" class=\"wpforms-field wpforms-field-number\" data-field-id=\"2\"><label class=\"wpforms-field-label\" for=\"wpforms-125-field_2\">Edad <span class=\"wpforms-required-label\" aria-hidden=\"true\">*<\/span><\/label><input type=\"number\" pattern=\"\\d*\" id=\"wpforms-125-field_2\" class=\"wpforms-field-medium wpforms-field-required\" name=\"wpforms[fields][2]\" aria-errormessage=\"wpforms-125-field_2-error\" required><\/div><div id=\"wpforms-125-field_4-container\" class=\"wpforms-field wpforms-field-select wpforms-field-select-style-classic\" data-field-id=\"4\"><label class=\"wpforms-field-label\" for=\"wpforms-125-field_4\">G\u00e9nero <span class=\"wpforms-required-label\" aria-hidden=\"true\">*<\/span><\/label><select id=\"wpforms-125-field_4\" class=\"wpforms-field-medium wpforms-field-required\" name=\"wpforms[fields][4]\" required=\"required\"><option value=\"Hombre\" >Hombre<\/option><option value=\"Mujer\" >Mujer<\/option><\/select><\/div><div id=\"wpforms-125-field_5-container\" class=\"wpforms-field wpforms-field-textarea\" data-field-id=\"5\"><label class=\"wpforms-field-label\" for=\"wpforms-125-field_5\">\u00bfCu\u00e1l es tu objetivo principal en t\u00e9rminos de salud y forma f\u00edsica?<\/label><textarea id=\"wpforms-125-field_5\" class=\"wpforms-field-medium\" name=\"wpforms[fields][5]\" aria-errormessage=\"wpforms-125-field_5-error\" ><\/textarea><\/div><div id=\"wpforms-125-field_6-container\" class=\"wpforms-field wpforms-field-number\" data-field-id=\"6\"><label class=\"wpforms-field-label\" for=\"wpforms-125-field_6\">\u00bfCu\u00e1ntas horas de sue\u00f1o sueles tener por noche?<\/label><input type=\"number\" pattern=\"\\d*\" id=\"wpforms-125-field_6\" class=\"wpforms-field-medium\" name=\"wpforms[fields][6]\" aria-errormessage=\"wpforms-125-field_6-error\" ><\/div><div id=\"wpforms-125-field_7-container\" class=\"wpforms-field wpforms-field-textarea\" data-field-id=\"7\"><label class=\"wpforms-field-label\" for=\"wpforms-125-field_7\">\u00bfSigues alguna dieta espec\u00edfica o restricciones alimentarias?<\/label><textarea id=\"wpforms-125-field_7\" class=\"wpforms-field-medium\" name=\"wpforms[fields][7]\" aria-errormessage=\"wpforms-125-field_7-error\" aria-describedby=\"wpforms-125-field_7-description\" ><\/textarea><div id=\"wpforms-125-field_7-description\" class=\"wpforms-field-description\">Por religi\u00f3n u opciones alimentarias como el veganismo, etc\u00e9tera<\/div><\/div><div id=\"wpforms-125-field_8-container\" class=\"wpforms-field wpforms-field-textarea\" data-field-id=\"8\"><label class=\"wpforms-field-label\" for=\"wpforms-125-field_8\">\u00bfTienes alguna alergia alimentaria conocida? <span class=\"wpforms-required-label\" aria-hidden=\"true\">*<\/span><\/label><textarea id=\"wpforms-125-field_8\" class=\"wpforms-field-medium wpforms-field-required\" name=\"wpforms[fields][8]\" aria-errormessage=\"wpforms-125-field_8-error\" required><\/textarea><\/div><div id=\"wpforms-125-field_9-container\" class=\"wpforms-field wpforms-field-select wpforms-field-select-style-classic\" data-field-id=\"9\"><label class=\"wpforms-field-label\" for=\"wpforms-125-field_9\">\u00bfCon qu\u00e9 frecuencia realizas ejercicio f\u00edsico? <span class=\"wpforms-required-label\" aria-hidden=\"true\">*<\/span><\/label><select id=\"wpforms-125-field_9\" class=\"wpforms-field-medium wpforms-field-required\" name=\"wpforms[fields][9]\" required=\"required\"><option value=\"Nunca\" >Nunca<\/option><option value=\"Espor\u00e1dicamente\" >Espor\u00e1dicamente<\/option><option value=\"2-3 veces por semana\" >2-3 veces por semana<\/option><option value=\"4-5 veces por semana\" >4-5 veces por semana<\/option><option value=\"6-7 veces por semana\" >6-7 veces por semana<\/option><option value=\"Soy atleta profesional\" >Soy atleta profesional<\/option><\/select><\/div><div id=\"wpforms-125-field_10-container\" class=\"wpforms-field wpforms-field-select wpforms-field-select-style-classic\" data-field-id=\"10\"><label class=\"wpforms-field-label\" for=\"wpforms-125-field_10\">\u00bfCu\u00e1nto tiempo dedicas al ejercicio en cada sesi\u00f3n? <span class=\"wpforms-required-label\" aria-hidden=\"true\">*<\/span><\/label><select id=\"wpforms-125-field_10\" class=\"wpforms-field-medium wpforms-field-required\" name=\"wpforms[fields][10]\" required=\"required\"><option value=\"Menos de una hora\" >Menos de una hora<\/option><option value=\"Entre una y dos horas\" >Entre una y dos horas<\/option><option value=\"M\u00e1s de dos horas\" >M\u00e1s de dos horas<\/option><\/select><\/div><div id=\"wpforms-125-field_11-container\" class=\"wpforms-field wpforms-field-textarea\" data-field-id=\"11\"><label class=\"wpforms-field-label\" for=\"wpforms-125-field_11\">\u00bfTienes alguna lesi\u00f3n o condici\u00f3n f\u00edsica que pueda afectar a tu capacidad de hacer ejercicio? <span class=\"wpforms-required-label\" aria-hidden=\"true\">*<\/span><\/label><textarea id=\"wpforms-125-field_11\" class=\"wpforms-field-medium wpforms-field-required\" name=\"wpforms[fields][11]\" aria-errormessage=\"wpforms-125-field_11-error\" required><\/textarea><\/div><div id=\"wpforms-125-field_12-container\" class=\"wpforms-field wpforms-field-textarea\" data-field-id=\"12\"><label class=\"wpforms-field-label\" for=\"wpforms-125-field_12\">\u00bfConsumes regularmente suplementos nutricionales? En caso afirmativo, \u00bfcu\u00e1les? <span class=\"wpforms-required-label\" aria-hidden=\"true\">*<\/span><\/label><textarea id=\"wpforms-125-field_12\" class=\"wpforms-field-medium wpforms-field-required\" name=\"wpforms[fields][12]\" aria-errormessage=\"wpforms-125-field_12-error\" required><\/textarea><\/div><div id=\"wpforms-125-field_14-container\" class=\"wpforms-field wpforms-field-number\" data-field-id=\"14\"><label class=\"wpforms-field-label\" for=\"wpforms-125-field_14\">\u00bfC\u00f3mo describir\u00edas tu nivel de estr\u00e9s del 1 al 10, siendo 1 muy bajo y 10 muy alto? <span class=\"wpforms-required-label\" aria-hidden=\"true\">*<\/span><\/label><input type=\"number\" pattern=\"\\d*\" id=\"wpforms-125-field_14\" class=\"wpforms-field-medium wpforms-field-required\" name=\"wpforms[fields][14]\" aria-errormessage=\"wpforms-125-field_14-error\" required><\/div><div id=\"wpforms-125-field_15-container\" class=\"wpforms-field wpforms-field-text\" data-field-id=\"15\"><label class=\"wpforms-field-label\" for=\"wpforms-125-field_15\">\u00bfCu\u00e1nta agua sueles beber al d\u00eda? <span class=\"wpforms-required-label\" aria-hidden=\"true\">*<\/span><\/label><input type=\"text\" id=\"wpforms-125-field_15\" class=\"wpforms-field-medium wpforms-field-required\" name=\"wpforms[fields][15]\" aria-errormessage=\"wpforms-125-field_15-error\" required><\/div><div id=\"wpforms-125-field_16-container\" class=\"wpforms-field wpforms-field-text\" data-field-id=\"16\"><label class=\"wpforms-field-label\" for=\"wpforms-125-field_16\">\u00bfConsumes frutas y verduras a diario? <span class=\"wpforms-required-label\" aria-hidden=\"true\">*<\/span><\/label><input type=\"text\" id=\"wpforms-125-field_16\" class=\"wpforms-field-medium wpforms-field-required\" name=\"wpforms[fields][16]\" aria-errormessage=\"wpforms-125-field_16-error\" required><\/div><div id=\"wpforms-125-field_17-container\" class=\"wpforms-field wpforms-field-textarea\" data-field-id=\"17\"><label class=\"wpforms-field-label\" for=\"wpforms-125-field_17\">\u00bfTienes antecedentes familiares de enfermedades cr\u00f3nicas como diabetes, hipertensi\u00f3n o enfermedades card\u00edacas? <span class=\"wpforms-required-label\" aria-hidden=\"true\">*<\/span><\/label><textarea id=\"wpforms-125-field_17\" class=\"wpforms-field-medium wpforms-field-required\" name=\"wpforms[fields][17]\" aria-errormessage=\"wpforms-125-field_17-error\" required><\/textarea><\/div><div id=\"wpforms-125-field_18-container\" class=\"wpforms-field wpforms-field-textarea\" data-field-id=\"18\"><label class=\"wpforms-field-label\" for=\"wpforms-125-field_18\">\u00bfPadeces alguna de estas enfermedades? <span class=\"wpforms-required-label\" aria-hidden=\"true\">*<\/span><\/label><textarea id=\"wpforms-125-field_18\" class=\"wpforms-field-medium wpforms-field-required\" name=\"wpforms[fields][18]\" aria-errormessage=\"wpforms-125-field_18-error\" required><\/textarea><\/div><div id=\"wpforms-125-field_19-container\" class=\"wpforms-field wpforms-field-select wpforms-field-select-style-classic\" data-field-id=\"19\"><label class=\"wpforms-field-label\" for=\"wpforms-125-field_19\">\u00bfFumas?<\/label><select id=\"wpforms-125-field_19\" class=\"wpforms-field-medium\" name=\"wpforms[fields][19]\"><option value=\"S\u00ed\" >S\u00ed<\/option><option value=\"No\" >No<\/option><option value=\"Espor\u00e1dicamente\" >Espor\u00e1dicamente<\/option><\/select><\/div><div id=\"wpforms-125-field_20-container\" class=\"wpforms-field wpforms-field-select wpforms-field-select-style-classic\" data-field-id=\"20\"><label class=\"wpforms-field-label\" for=\"wpforms-125-field_20\">\u00bfConsumes alcohol?<\/label><select id=\"wpforms-125-field_20\" class=\"wpforms-field-medium\" name=\"wpforms[fields][20]\"><option value=\"A diario\" >A diario<\/option><option value=\"No\" >No<\/option><option value=\"Espor\u00e1dicamente\" >Espor\u00e1dicamente<\/option><\/select><\/div><div id=\"wpforms-125-field_21-container\" class=\"wpforms-field wpforms-field-select wpforms-field-select-style-classic\" data-field-id=\"21\"><label class=\"wpforms-field-label\" for=\"wpforms-125-field_21\">\u00bfConsumes drogas?<\/label><select id=\"wpforms-125-field_21\" class=\"wpforms-field-medium\" name=\"wpforms[fields][21]\"><option value=\"A diario\" >A diario<\/option><option value=\"No\" >No<\/option><option value=\"Espor\u00e1dicamente\" >Espor\u00e1dicamente<\/option><\/select><\/div><div id=\"wpforms-125-field_22-container\" class=\"wpforms-field wpforms-field-textarea\" data-field-id=\"22\"><label class=\"wpforms-field-label\" for=\"wpforms-125-field_22\">\u00bfCu\u00e1l es tu principal fuente de motivaci\u00f3n para mantener un estilo de vida saludable?<\/label><textarea id=\"wpforms-125-field_22\" class=\"wpforms-field-medium\" name=\"wpforms[fields][22]\" aria-errormessage=\"wpforms-125-field_22-error\" ><\/textarea><\/div><\/div><!-- .wpforms-field-container --><div class=\"wpforms-submit-container\" ><input type=\"hidden\" name=\"wpforms[id]\" value=\"125\"><input type=\"hidden\" name=\"wpforms[author]\" value=\"1\"><button type=\"submit\" name=\"wpforms[submit]\" id=\"wpforms-submit-125\" class=\"wpforms-submit\" data-alt-text=\"Sending...\" data-submit-text=\"Submit\" aria-live=\"assertive\" value=\"wpforms-submit\">Submit<\/button><img loading=\"lazy\" decoding=\"async\" src=\"https:\/\/borjanutri.com\/wp-content\/plugins\/wpforms-lite\/assets\/images\/submit-spin.svg\" class=\"wpforms-submit-spinner\" style=\"display: none;\" width=\"26\" height=\"26\" alt=\"Cargando\"><\/div><\/form><\/div>  <!-- .wpforms-container -->","protected":false},"excerpt":{"rendered":"","protected":false},"author":1,"featured_media":0,"parent":0,"menu_order":0,"comment_status":"closed","ping_status":"closed","template":"","meta":{"footnotes":""},"yoast_head":"<!-- This site is optimized with the Yoast SEO plugin v21.8 - https:\/\/yoast.com\/wordpress\/plugins\/seo\/ -->\n<title>Cuestionario de salud: \u00bfSigues un estilo de vida saludable? - Borjanutri<\/title>\n<meta name=\"robots\" content=\"index, follow, max-snippet:-1, max-image-preview:large, max-video-preview:-1\" \/>\n<link rel=\"canonical\" href=\"https:\/\/borjanutri.com\/index.php\/cuestionario-de-salud-sigues-un-estilo-de-vida-saludable\/\" \/>\n<meta property=\"og:locale\" content=\"es_ES\" \/>\n<meta property=\"og:type\" content=\"article\" \/>\n<meta property=\"og:title\" content=\"Cuestionario de salud: \u00bfSigues un estilo de vida saludable? - Borjanutri\" \/>\n<meta property=\"og:url\" content=\"https:\/\/borjanutri.com\/index.php\/cuestionario-de-salud-sigues-un-estilo-de-vida-saludable\/\" \/>\n<meta property=\"og:site_name\" content=\"Borjanutri\" \/>\n<meta property=\"article:modified_time\" content=\"2023-11-01T09:32:31+00:00\" \/>\n<meta name=\"twitter:card\" content=\"summary_large_image\" \/>\n<script type=\"application\/ld+json\" class=\"yoast-schema-graph\">{\"@context\":\"https:\/\/schema.org\",\"@graph\":[{\"@type\":\"WebPage\",\"@id\":\"https:\/\/borjanutri.com\/index.php\/cuestionario-de-salud-sigues-un-estilo-de-vida-saludable\/\",\"url\":\"https:\/\/borjanutri.com\/index.php\/cuestionario-de-salud-sigues-un-estilo-de-vida-saludable\/\",\"name\":\"Cuestionario de salud: \u00bfSigues un estilo de vida saludable? - Borjanutri\",\"isPartOf\":{\"@id\":\"https:\/\/borjanutri.com\/#website\"},\"datePublished\":\"2023-08-20T13:25:54+00:00\",\"dateModified\":\"2023-11-01T09:32:31+00:00\",\"breadcrumb\":{\"@id\":\"https:\/\/borjanutri.com\/index.php\/cuestionario-de-salud-sigues-un-estilo-de-vida-saludable\/#breadcrumb\"},\"inLanguage\":\"es\",\"potentialAction\":[{\"@type\":\"ReadAction\",\"target\":[\"https:\/\/borjanutri.com\/index.php\/cuestionario-de-salud-sigues-un-estilo-de-vida-saludable\/\"]}]},{\"@type\":\"BreadcrumbList\",\"@id\":\"https:\/\/borjanutri.com\/index.php\/cuestionario-de-salud-sigues-un-estilo-de-vida-saludable\/#breadcrumb\",\"itemListElement\":[{\"@type\":\"ListItem\",\"position\":1,\"name\":\"Portada\",\"item\":\"https:\/\/borjanutri.com\/\"},{\"@type\":\"ListItem\",\"position\":2,\"name\":\"Cuestionario de salud: \u00bfSigues un estilo de vida saludable?\"}]},{\"@type\":\"WebSite\",\"@id\":\"https:\/\/borjanutri.com\/#website\",\"url\":\"https:\/\/borjanutri.com\/\",\"name\":\"Borjanutri\",\"description\":\"\",\"potentialAction\":[{\"@type\":\"SearchAction\",\"target\":{\"@type\":\"EntryPoint\",\"urlTemplate\":\"https:\/\/borjanutri.com\/?s={search_term_string}\"},\"query-input\":\"required name=search_term_string\"}],\"inLanguage\":\"es\"}]}<\/script>\n<!-- \/ Yoast SEO plugin. -->","yoast_head_json":{"title":"Cuestionario de salud: \u00bfSigues un estilo de vida saludable? - Borjanutri","robots":{"index":"index","follow":"follow","max-snippet":"max-snippet:-1","max-image-preview":"max-image-preview:large","max-video-preview":"max-video-preview:-1"},"canonical":"https:\/\/borjanutri.com\/index.php\/cuestionario-de-salud-sigues-un-estilo-de-vida-saludable\/","og_locale":"es_ES","og_type":"article","og_title":"Cuestionario de salud: \u00bfSigues un estilo de vida saludable? - Borjanutri","og_url":"https:\/\/borjanutri.com\/index.php\/cuestionario-de-salud-sigues-un-estilo-de-vida-saludable\/","og_site_name":"Borjanutri","article_modified_time":"2023-11-01T09:32:31+00:00","twitter_card":"summary_large_image","schema":{"@context":"https:\/\/schema.org","@graph":[{"@type":"WebPage","@id":"https:\/\/borjanutri.com\/index.php\/cuestionario-de-salud-sigues-un-estilo-de-vida-saludable\/","url":"https:\/\/borjanutri.com\/index.php\/cuestionario-de-salud-sigues-un-estilo-de-vida-saludable\/","name":"Cuestionario de salud: \u00bfSigues un estilo de vida saludable? - Borjanutri","isPartOf":{"@id":"https:\/\/borjanutri.com\/#website"},"datePublished":"2023-08-20T13:25:54+00:00","dateModified":"2023-11-01T09:32:31+00:00","breadcrumb":{"@id":"https:\/\/borjanutri.com\/index.php\/cuestionario-de-salud-sigues-un-estilo-de-vida-saludable\/#breadcrumb"},"inLanguage":"es","potentialAction":[{"@type":"ReadAction","target":["https:\/\/borjanutri.com\/index.php\/cuestionario-de-salud-sigues-un-estilo-de-vida-saludable\/"]}]},{"@type":"BreadcrumbList","@id":"https:\/\/borjanutri.com\/index.php\/cuestionario-de-salud-sigues-un-estilo-de-vida-saludable\/#breadcrumb","itemListElement":[{"@type":"ListItem","position":1,"name":"Portada","item":"https:\/\/borjanutri.com\/"},{"@type":"ListItem","position":2,"name":"Cuestionario de salud: \u00bfSigues un estilo de vida saludable?"}]},{"@type":"WebSite","@id":"https:\/\/borjanutri.com\/#website","url":"https:\/\/borjanutri.com\/","name":"Borjanutri","description":"","potentialAction":[{"@type":"SearchAction","target":{"@type":"EntryPoint","urlTemplate":"https:\/\/borjanutri.com\/?s={search_term_string}"},"query-input":"required name=search_term_string"}],"inLanguage":"es"}]}},"_links":{"self":[{"href":"https:\/\/borjanutri.com\/index.php\/wp-json\/wp\/v2\/pages\/26"}],"collection":[{"href":"https:\/\/borjanutri.com\/index.php\/wp-json\/wp\/v2\/pages"}],"about":[{"href":"https:\/\/borjanutri.com\/index.php\/wp-json\/wp\/v2\/types\/page"}],"author":[{"embeddable":true,"href":"https:\/\/borjanutri.com\/index.php\/wp-json\/wp\/v2\/users\/1"}],"replies":[{"embeddable":true,"href":"https:\/\/borjanutri.com\/index.php\/wp-json\/wp\/v2\/comments?post=26"}],"version-history":[{"count":2,"href":"https:\/\/borjanutri.com\/index.php\/wp-json\/wp\/v2\/pages\/26\/revisions"}],"predecessor-version":[{"id":131,"href":"https:\/\/borjanutri.com\/index.php\/wp-json\/wp\/v2\/pages\/26\/revisions\/131"}],"wp:attachment":[{"href":"https:\/\/borjanutri.com\/index.php\/wp-json\/wp\/v2\/media?parent=26"}],"curies":[{"name":"wp","href":"https:\/\/api.w.org\/{rel}","templated":true}]}}